{"id":1967,"date":"2016-02-22T15:55:50","date_gmt":"2016-02-22T15:55:50","guid":{"rendered":"http:\/\/demo.themelogi.com\/navian\/?page_id=1967"},"modified":"2022-10-13T12:44:25","modified_gmt":"2022-10-13T12:44:25","slug":"iletisim","status":"publish","type":"page","link":"https:\/\/distileicki.com.tr\/index.php\/iletisim\/","title":{"rendered":"\u0130leti\u015fim"},"content":{"rendered":"<p>[vc_row full_width=&#8221;stretch_row&#8221;][vc_column]<div class=\"tlg-custom-embed  \"><iframe style=\"height: 550px;\" frameborder=\"0\" scrolling=\"no\" marginheight=\"0\" marginwidth=\"0\" src=\"https:\/\/maps.google.com\/maps?q=Distile%20%C4%B0%C3%A7ki%3Cbr%20%2F%3E%0ATekeli%20Fevzi%20%C3%87akmak%2C%20Mahallesi%2C%20Ekrem%20Demirta%C5%9F%20Cd.%20No%3A10%2C%2035477%20%C4%B0tob%20Osb%2FMenderes%2F%C4%B0zmir&amp;t=m&amp;z=14&amp;output=embed&amp;iwloc=near\" aria-label=\"Distile \u0130\u00e7ki&lt;br \/&gt;\nTekeli Fevzi \u00c7akmak, Mahallesi, Ekrem Demirta\u015f Cd. No:10, 35477 \u0130tob Osb\/Menderes\/\u0130zmir\"><\/iframe><\/div>[\/vc_column][\/vc_row][vc_row tlg_background_style=&#8221;bg-secondary&#8221; tlg_padding=&#8221;pt0&#8243; el_class=&#8221;contact-line&#8221;][vc_column width=&#8221;1\/2&#8243;]<div class=\" icon_title_list-content icon-list-large\"><ul class=\"icon_title_list\"><li><span class=\"inline-block mb8 mr-15\"><i style=\"color:#000000;\" class=\"ti-location-pin  inline-block\"><\/i><\/span><span >Distile I\u00e7ki Sanayi ve Ticaret A.\u015e. Merkez : B\u00fcy\u00fckdere Caddesi Meydan Sokak Spring Giz Plaza K:1 D:21-22 Maslak Sar\u0131yer - \u0130STANBUL<\/span><\/li><li><span class=\"inline-block mb8 mr-15\"><i style=\"color:#000000;\" class=\"ti-mobile  inline-block\"><\/i><\/span><span >Telefon: 0212 276 87 60<\/span><\/li><li><span class=\"inline-block mb8 mr-15\"><i style=\"color:#000000;\" class=\"ti-headphone-alt  inline-block\"><\/i><\/span><span >\u00dccretsiz M\u00fc\u015fteri Hatt\u0131m\u0131z: 0850 888 33 30<\/span><\/li><li><span class=\"inline-block mb8 mr-15\"><i style=\"color:#000000;\" class=\"fa fa-envelope  inline-block\"><\/i><\/span><span >Email :info@distileicki.com.tr<\/span><\/li><\/ul><\/div><div class=\" text-\"><a  id=\"btn-69d3ea5893d9e\" class=\"btn btn-filled btn-new ti-arrow-right  ti-hand-point-up  \" href= \"https:\/\/forms.office.com\/r\/sjKzT13jyp\" target=' _blank' >Anketimizi doldurmak i\u00e7in t\u0131klay\u0131n<\/a><\/div>[\/vc_column][vc_column width=&#8221;1\/2&#8243; css=&#8221;.vc_custom_1491983121937{padding-left: 8% !important;}&#8221;]<div class=\"tlg-spacer  \" data-height=\"10\" data-height-tablet=\"10\" data-height-mobile=\"5\" style=\"clear:both;display:block;height:10px;\"><\/div><div role=\"form\" class=\"wpcf7\" id=\"wpcf7-f681-o1\" lang=\"en-US\" dir=\"ltr\">\n<div class=\"screen-reader-response\"><p role=\"status\" aria-live=\"polite\" aria-atomic=\"true\"><\/p> <ul><\/ul><\/div>\n<form action=\"\/index.php\/wp-json\/wp\/v2\/pages\/1967#wpcf7-f681-o1\" method=\"post\" class=\"wpcf7-form init\" novalidate=\"novalidate\" data-status=\"init\">\n<div style=\"display: none;\">\n<input type=\"hidden\" name=\"_wpcf7\" value=\"681\" \/>\n<input type=\"hidden\" name=\"_wpcf7_version\" value=\"5.4.2\" \/>\n<input type=\"hidden\" name=\"_wpcf7_locale\" value=\"en_US\" \/>\n<input type=\"hidden\" name=\"_wpcf7_unit_tag\" value=\"wpcf7-f681-o1\" \/>\n<input type=\"hidden\" name=\"_wpcf7_container_post\" value=\"0\" \/>\n<input type=\"hidden\" name=\"_wpcf7_posted_data_hash\" value=\"\" \/>\n<\/div>\n<div class=\"flat-input\">\n<div class=\"overflow-hidden\">\n<div class=\"half-column half-column-left\">\n    <span class=\"wpcf7-form-control-wrap your-name\"><input type=\"text\" name=\"your-name\" value=\"\" size=\"40\" class=\"wpcf7-form-control wpcf7-text wpcf7-validates-as-required\" aria-required=\"true\" aria-invalid=\"false\" placeholder=\"Ad Soyad\" \/><\/span>\n<\/div>\n<div class=\"half-column half-column-right\">\n    <span class=\"wpcf7-form-control-wrap your-email\"><input type=\"email\" name=\"your-email\" value=\"\" size=\"40\" class=\"wpcf7-form-control wpcf7-text wpcf7-email wpcf7-validates-as-required wpcf7-validates-as-email\" aria-required=\"true\" aria-invalid=\"false\" placeholder=\"E Posta Adresi\" \/><\/span>\n<\/div>\n<\/div>\n<div class=\"overflow-hidden\">\n<div class=\"half-column half-column-left\">\n    <span class=\"wpcf7-form-control-wrap your-subject\"><input type=\"text\" name=\"your-subject\" value=\"\" size=\"40\" class=\"wpcf7-form-control wpcf7-text wpcf7-validates-as-required\" aria-required=\"true\" aria-invalid=\"false\" placeholder=\"Konu\" \/><\/span>\n<\/div>\n<div class=\"half-column half-column-right\">\n    <span class=\"wpcf7-form-control-wrap your-phone\"><input type=\"text\" name=\"your-phone\" value=\"\" size=\"40\" class=\"wpcf7-form-control wpcf7-text\" aria-invalid=\"false\" placeholder=\"Telefon Numaras\u0131\" \/><\/span>\n<\/div>\n<\/div>\n<p><span class=\"wpcf7-form-control-wrap your-message\"><textarea name=\"your-message\" cols=\"40\" rows=\"10\" class=\"wpcf7-form-control wpcf7-textarea\" aria-invalid=\"false\" placeholder=\"Mesaj\"><\/textarea><\/span><\/p>\n<p><button type=\"submit\" class=\"wpcf7-submit wpcf7-submit-custom btn btn-filled btn-new ti-arrow-right\">G\u00d6NDER<\/button><\/p>\n<\/div>\n<div class=\"wpcf7-response-output\" aria-hidden=\"true\"><\/div><\/form><\/div>[\/vc_column][\/vc_row]<\/p>\n","protected":false},"excerpt":{"rendered":"<p>[vc_row full_width=&#8221;stretch_row&#8221;][vc_column][\/vc_column][\/vc_row][vc_row tlg_background_style=&#8221;bg-secondary&#8221; tlg_padding=&#8221;pt0&#8243; el_class=&#8221;contact-line&#8221;][vc_column width=&#8221;1\/2&#8243;][\/vc_column][vc_column width=&#8221;1\/2&#8243; css=&#8221;.vc_custom_1491983121937{padding-left: 8% !important;}&#8221;][\/vc_column][\/vc_row]<\/p>\n","protected":false},"author":1,"featured_media":0,"parent":0,"menu_order":0,"comment_status":"closed","ping_status":"closed","template":"","meta":{"footnotes":""},"class_list":["post-1967","page","type-page","status-publish","hentry"],"_links":{"self":[{"href":"https:\/\/distileicki.com.tr\/index.php\/wp-json\/wp\/v2\/pages\/1967","targetHints":{"allow":["GET"]}}],"collection":[{"href":"https:\/\/distileicki.com.tr\/index.php\/wp-json\/wp\/v2\/pages"}],"about":[{"href":"https:\/\/distileicki.com.tr\/index.php\/wp-json\/wp\/v2\/types\/page"}],"author":[{"embeddable":true,"href":"https:\/\/distileicki.com.tr\/index.php\/wp-json\/wp\/v2\/users\/1"}],"replies":[{"embeddable":true,"href":"https:\/\/distileicki.com.tr\/index.php\/wp-json\/wp\/v2\/comments?post=1967"}],"version-history":[{"count":9,"href":"https:\/\/distileicki.com.tr\/index.php\/wp-json\/wp\/v2\/pages\/1967\/revisions"}],"predecessor-version":[{"id":8778,"href":"https:\/\/distileicki.com.tr\/index.php\/wp-json\/wp\/v2\/pages\/1967\/revisions\/8778"}],"wp:attachment":[{"href":"https:\/\/distileicki.com.tr\/index.php\/wp-json\/wp\/v2\/media?parent=1967"}],"curies":[{"name":"wp","href":"https:\/\/api.w.org\/{rel}","templated":true}]}}