{"id":459,"date":"2015-12-20T04:11:27","date_gmt":"2015-12-20T04:11:27","guid":{"rendered":"http:\/\/demo.themelogi.com\/navian\/?page_id=459"},"modified":"2021-01-13T14:04:48","modified_gmt":"2021-01-13T14:04:48","slug":"kvkkmetni","status":"publish","type":"page","link":"https:\/\/distileicki.com.tr\/index.php\/kvkkmetni\/","title":{"rendered":"Kvkk Ayd\u0131nlatma Metni"},"content":{"rendered":"<p>[vc_row][vc_column][vc_column_text]<strong>\u00a0<\/strong><\/p>\n<p style=\"text-align: center;\"><strong>Ki\u015fisel Verilerin Korunmas\u0131 Mevzuat\u0131 Uyar\u0131nca<\/strong><\/p>\n<p style=\"text-align: center;\"><strong>Genel Ayd\u0131nlatma Metni<\/strong><\/p>\n<p>&nbsp;<\/p>\n<p><strong>\u00a0<\/strong><\/p>\n<ol>\n<li><strong> Veri Sorumlusunun Kimli\u011fi<\/strong><\/li>\n<\/ol>\n<p>Distile \u0130\u00e7ki Sanayi ve Ticaret Anonim \u015eirketi (\u201cDistile \u0130\u00e7ki\u201d veya \u201c\u015eirket\u201d) olarak ki\u015fisel verilerinizin g\u00fcvenli\u011fine ve gizli tutulmas\u0131na hassasiyet g\u00f6stermekteyiz. Bu bilin\u00e7le ve 6698 say\u0131l\u0131 Ki\u015fisel Verilerin Korunmas\u0131 Kanunu (\u201cKanun\u201d) kapsam\u0131nda ve veri sorumlusu s\u0131fat\u0131yla, elde etti\u011fimiz ki\u015fisel verilere ili\u015fkin olarak ayd\u0131nlatma metnimizi bilgilerinize sunuyoruz:<\/p>\n<p><strong>\u00a0<\/strong><\/p>\n<ol start=\"2\">\n<li><strong> Ki\u015fisel Verilerin \u0130\u015flenmesi ve \u0130\u015fleme Ama\u00e7lar\u0131 <\/strong><\/li>\n<\/ol>\n<p>Distile \u0130\u00e7ki taraf\u0131ndan ger\u00e7ekle\u015ftirilen ticari faaliyete veya sunulan hizmete ili\u015fkin olarak de\u011fi\u015fkenlik g\u00f6sterebilmekle beraber \u015eirketimiz taraf\u0131ndan \u00fcr\u00fcn ve hizmetlerin en iyi \u015fekilde sunulabilmesini sa\u011flamak maksad\u0131yla a\u015fa\u011f\u0131da ki\u015fisel verileriniz i\u015flenebilmektedir. Bu \u00e7er\u00e7evede:<\/p>\n<p>&nbsp;<\/p>\n<p><strong>\u015eirketimizin t\u00fczel ki\u015fi veya ger\u00e7ek ki\u015fi tacir m\u00fc\u015fterilerinin \u00e7al\u0131\u015fan\u0131\/yetkilisi\/orta\u011f\u0131 veya m\u00fc\u015fteri lehine kefil olman\u0131z halinde;<\/strong> kimlik, ileti\u015fim, hukuki i\u015flem, i\u015flem g\u00fcvenli\u011fi, risk y\u00f6netimi, finans verileriniz (<em>ayr\u0131ca eski kimlik\/ehliyet belgenizi payla\u015fman\u0131z halinde din ve kan grubu bilgileriniz dolayl\u0131 olarak kimlik\/ehliyet sureti arac\u0131l\u0131\u011f\u0131yla temin edilebilmektedir<\/em>), \u015eirketimiz i\u015f faaliyetlerinin y\u00fcr\u00fct\u00fclmesi ve denetimi, s\u00f6zle\u015fme ve hukuki i\u015flerin y\u00fcr\u00fct\u00fclmesi, mal ve hizmetlerimizin \u00fcretim ve operasyon, sat\u0131\u015f, sat\u0131\u015f sonras\u0131 s\u00fcre\u00e7lerinin y\u00fcr\u00fct\u00fclmesi, sponsorluk, finans ve muhasebe i\u015flerinin y\u00fcr\u00fct\u00fclmesi, ileti\u015fim, denetim s\u00fcre\u00e7lerinin y\u00fcr\u00fct\u00fclmesi, bilgi g\u00fcvenli\u011fi s\u00fcre\u00e7lerinin y\u00fcr\u00fct\u00fclmesi, tedarik zinciri y\u00f6netimi s\u00fcre\u00e7lerinin y\u00fcr\u00fct\u00fclmesi, ta\u015f\u0131n\u0131r mal ve kaynaklar\u0131n g\u00fcvenli\u011finin temini, lojistik faaliyetlerinin y\u00fcr\u00fct\u00fclmesi, resmi kurum ve kurulu\u015flar\u0131n taleplerinin yerine getirilmesi,<\/p>\n<p><strong>\u00a0<\/strong><\/p>\n<p><strong>\u015eirketimizin t\u00fczel ki\u015fi veya ger\u00e7ek ki\u015fi tacir tedarik\u00e7ilerin\/alt i\u015fverenlerin\/ i\u015f ortaklar\u0131n\u0131n, hizmet al\u0131nan firmalar\u0131n \u00e7al\u0131\u015fan\u0131\/yetkilisi\/orta\u011f\u0131 olman\u0131z halinde;<\/strong><\/p>\n<p>kimlik, ileti\u015fim, \u00f6zl\u00fck (i\u015fe giri\u015f bildirgesi, sigorta primi \u00f6demeleri, isg e\u011fitim belgeleri), konum, risk y\u00f6netimi verileriniz ile ayr\u0131ca sizin veya i\u015fvereninizin payla\u015fmas\u0131 halinde \u00f6zel nitelikli ki\u015fisel verilerinizden sa\u011fl\u0131k verileriniz\u00a0 ile kimlik belgelerinde yer alan din ve kan grubu bilgileriniz (dolayl\u0131 olarak kimlik\/ehliyet sureti arac\u0131l\u0131\u011f\u0131yla temin edilebilmektedir.) \u015eirketimiz i\u015f faaliyetlerinin y\u00fcr\u00fct\u00fclmesi ve denetimi, mal ve hizmet sat\u0131n alma s\u00fcre\u00e7lerinin y\u00fcr\u00fct\u00fclmesi, s\u00f6zle\u015fme ve hukuk i\u015flerinin takibi, finans ve muhasebe i\u015flerinin y\u00fcr\u00fct\u00fclmesi, e\u011fitim faaliyetlerinin y\u00fcr\u00fct\u00fclmesi, denetim s\u00fcre\u00e7lerinin y\u00fcr\u00fct\u00fclmesi, bilgi g\u00fcvenli\u011fi s\u00fcre\u00e7lerinin y\u00fcr\u00fct\u00fclmesi, i\u015f sa\u011fl\u0131\u011f\u0131 ve g\u00fcvenli\u011fi faaliyetlerinin, risk y\u00f6netimi s\u00fcre\u00e7lerinin y\u00fcr\u00fct\u00fclmesi, resmi kurum ve kurulu\u015flar\u0131n taleplerinin yerine getirilmesi, ta\u015f\u0131n\u0131r mal ve kaynaklar\u0131n g\u00fcvenli\u011finin temini, lojistik, tedarik zinciri y\u00f6netimi s\u00fcre\u00e7lerinin y\u00fcr\u00fct\u00fclmesi, otel, u\u00e7ak rezervasyonu ile vize i\u015flemleri\u00a0 d\u00e2hil organizasyon ve etkinlik y\u00f6netimi, ileti\u015fim faaliyetlerinin y\u00fcr\u00fct\u00fclmesi,<\/p>\n<p>&nbsp;<\/p>\n<p>&nbsp;<\/p>\n<p>&nbsp;<\/p>\n<p>&nbsp;<\/p>\n<p>&nbsp;<\/p>\n<p>Ayr\u0131ca;<\/p>\n<p>&nbsp;<\/p>\n<ul>\n<li><strong>\u015eirketimizi ve\/veya i\u015f yerlerimizi ziyaret etmeniz halinde,<\/strong> kimlik, fiziksel mekan g\u00fcvenli\u011fi verileriniz ziyaret\u00e7i kay\u0131tlar\u0131n\u0131n olu\u015fturulmas\u0131 ve takibi, fiziksel mek\u00e2n g\u00fcvenli\u011finin temini,<\/li>\n<li><strong>\u0130nternet sitemizi ziyaret etmeniz halinde<\/strong> i\u015flem g\u00fcvenli\u011fi verileriniz ile <strong>\u015eirketimizin kablosuz a\u011f ba\u011flant\u0131m\u0131z\u0131 kullanman\u0131z halinde<\/strong> kimlik, ileti\u015fim, i\u015flem g\u00fcvenli\u011fi verileriniz 5651 say\u0131l\u0131 kanun gere\u011fince mevzuattan kaynaklanan y\u00fck\u00fcml\u00fcl\u00fcklerin yerine getirilmesi, elektronik ortamda olu\u015fan log kay\u0131tlar\u0131n\u0131n tutulmas\u0131, bilgi g\u00fcvenli\u011fi s\u00fcre\u00e7lerinin y\u00fcr\u00fct\u00fclmesi,<\/li>\n<\/ul>\n<p>&nbsp;<\/p>\n<p>faaliyetlerin mevzuata ve \u015eirket politika ve prosed\u00fcrlerine uygun y\u00fcr\u00fct\u00fclmesi ama\u00e7lar\u0131yla s\u0131n\u0131rl\u0131 olarak i\u015flenebilecektir. Ki\u015fisel verileriniz ayr\u0131ca fiziki ar\u015fivler ve bili\u015fim sistemlerine nakledilerek hem dijital hem fiziki ortamlarda muhafaza edilebilecektir.<\/p>\n<p>&nbsp;<\/p>\n<ol start=\"3\">\n<li><strong> \u0130\u015flenen Ki\u015fisel Verilerin Kimlere ve Hangi Ama\u00e7lar ile Aktar\u0131labilece\u011fi<\/strong><\/li>\n<\/ol>\n<p>Toplanan ki\u015fisel verileriniz, i\u015fbu Ayd\u0131nlatma Metni\u2019nin 2. maddesinde a\u00e7\u0131klanan ama\u00e7larla ve Kanun ile ilgili mevzuat kapsam\u0131nda ve aktar\u0131lmas\u0131n\u0131 gerektiren sebeplere ba\u011fl\u0131 ve bu sebeplerle s\u0131n\u0131rl\u0131 olarak; talep halinde resmi kurum ve kurulu\u015flara, bankalara, denetim firmalar\u0131na, teknoloji hizmeti sunan firmalara, hizmetlerinden faydaland\u0131\u011f\u0131m\u0131z ve i\u015fbirli\u011fi i\u00e7erisinde oldu\u011fumuz anla\u015fmal\u0131 firmalara, \u015eirket\u2019in politika ve prosed\u00fcrlerine uyum sa\u011flanmas\u0131, operasyonel s\u00fcre\u00e7lerin y\u00fcr\u00fct\u00fclmesi ve destek al\u0131nmas\u0131 ama\u00e7lar\u0131yla grup \u015firketine ve onlarla ortak kullan\u0131lan bilgi sistemlerine aktar\u0131labilecektir.<\/p>\n<p><strong>\u00a0<\/strong><\/p>\n<ol start=\"4\">\n<li><strong> Ki\u015fisel Veri Toplaman\u0131n Y\u00f6ntemi ve Hukuki Sebebi<\/strong><\/li>\n<\/ol>\n<p>Ki\u015fisel verileriniz, i\u015fbu Ayd\u0131nlatma Metni\u2019nin 2. maddesinde a\u00e7\u0131klanan ama\u00e7lar ile Kanun\u2019da \u00f6ng\u00f6r\u00fclen temel ilkelere uygun olarak Kanun\u2019un 5. maddesinde belirtilen; kanunlarda a\u00e7\u0131k\u00e7a \u00f6ng\u00f6r\u00fclmesi, s\u00f6zle\u015fmenin kurulmas\u0131 veya ifas\u0131, veri sorumlusunun hukuki y\u00fck\u00fcml\u00fcl\u00fc\u011f\u00fc, hakk\u0131n tesisi, kullan\u0131lmas\u0131 veya korunmas\u0131, veri sorumlusunun me\u015fru menfaati hukuki sebeplerine dayal\u0131 ve bunlarla s\u0131n\u0131rl\u0131 olarak; otomatik veya otomatik olmayan y\u00f6ntemlerle, fiziken ve elektronik ortamda, taraf\u0131n\u0131zca \u015eirketimize e-posta, internet sitesi, telefon vas\u0131tas\u0131yla iletilen s\u00f6zl\u00fc veya yaz\u0131l\u0131 bilgilerden \u015eirket faaliyetleri kapsam\u0131nda kullan\u0131lan uygulama ve yaz\u0131l\u0131mlar ile kapal\u0131 devre kamera kay\u0131t sistemlerinden toplanabilmektedir.<\/p>\n<p>&nbsp;<\/p>\n<ol start=\"5\">\n<li><strong> Ki\u015fisel Verilerin Korunmas\u0131na Y\u00f6nelik Haklar\u0131n\u0131z<\/strong><\/li>\n<\/ol>\n<p>Kanunun ilgili ki\u015finin haklar\u0131n\u0131 d\u00fczenleyen 11. maddesi kapsam\u0131ndaki taleplerinizi, [<a href=\"http:\/\/distileicki.com.tr\/index.php\/kvkkform\/\">Link<\/a>] linkindeki form ile \u201cVeri Sorumlusuna Ba\u015fvuru Usul ve Esaslar\u0131 Hakk\u0131nda Tebli\u011f\u201d uyar\u0131nca [<strong>info@distileicki.com.tr<\/strong>] adresine yaz\u0131l\u0131 olarak ve kimlik teyidinizin yap\u0131lmas\u0131 sa\u011flanarak bizzat veya Tebli\u011f\u2019de belirtilen di\u011fer y\u00f6ntemlere uygun olarak iletebilirsiniz.[\/vc_column_text][\/vc_column][\/vc_row]<\/p>\n","protected":false},"excerpt":{"rendered":"<p>[vc_row][vc_column][vc_column_text]\u00a0 Ki\u015fisel Verilerin Korunmas\u0131 Mevzuat\u0131 Uyar\u0131nca Genel Ayd\u0131nlatma Metni &nbsp; \u00a0 Veri Sorumlusunun Kimli\u011fi Distile \u0130\u00e7ki Sanayi ve Ticaret Anonim \u015eirketi (\u201cDistile \u0130\u00e7ki\u201d veya \u201c\u015eirket\u201d) olarak ki\u015fisel verilerinizin g\u00fcvenli\u011fine ve gizli tutulmas\u0131na hassasiyet g\u00f6stermekteyiz. Bu bilin\u00e7le ve 6698 say\u0131l\u0131 Ki\u015fisel Verilerin Korunmas\u0131 Kanunu (\u201cKanun\u201d) kapsam\u0131nda ve veri sorumlusu s\u0131fat\u0131yla, elde etti\u011fimiz ki\u015fisel verilere ili\u015fkin olarak&#8230;<\/p>\n","protected":false},"author":1,"featured_media":8697,"parent":0,"menu_order":0,"comment_status":"closed","ping_status":"closed","template":"","meta":{"footnotes":""},"class_list":["post-459","page","type-page","status-publish","has-post-thumbnail","hentry"],"_links":{"self":[{"href":"https:\/\/distileicki.com.tr\/index.php\/wp-json\/wp\/v2\/pages\/459","targetHints":{"allow":["GET"]}}],"collection":[{"href":"https:\/\/distileicki.com.tr\/index.php\/wp-json\/wp\/v2\/pages"}],"about":[{"href":"https:\/\/distileicki.com.tr\/index.php\/wp-json\/wp\/v2\/types\/page"}],"author":[{"embeddable":true,"href":"https:\/\/distileicki.com.tr\/index.php\/wp-json\/wp\/v2\/users\/1"}],"replies":[{"embeddable":true,"href":"https:\/\/distileicki.com.tr\/index.php\/wp-json\/wp\/v2\/comments?post=459"}],"version-history":[{"count":3,"href":"https:\/\/distileicki.com.tr\/index.php\/wp-json\/wp\/v2\/pages\/459\/revisions"}],"predecessor-version":[{"id":8722,"href":"https:\/\/distileicki.com.tr\/index.php\/wp-json\/wp\/v2\/pages\/459\/revisions\/8722"}],"wp:featuredmedia":[{"embeddable":true,"href":"https:\/\/distileicki.com.tr\/index.php\/wp-json\/wp\/v2\/media\/8697"}],"wp:attachment":[{"href":"https:\/\/distileicki.com.tr\/index.php\/wp-json\/wp\/v2\/media?parent=459"}],"curies":[{"name":"wp","href":"https:\/\/api.w.org\/{rel}","templated":true}]}}