{"id":8753,"date":"2021-09-02T15:09:21","date_gmt":"2021-09-02T15:09:21","guid":{"rendered":"http:\/\/distileicki.com.tr\/?page_id=8753"},"modified":"2021-09-02T15:12:00","modified_gmt":"2021-09-02T15:12:00","slug":"politika","status":"publish","type":"page","link":"https:\/\/distileicki.com.tr\/index.php\/politika\/","title":{"rendered":"Politika"},"content":{"rendered":"<p>[vc_row][vc_column][vc_column_text]<\/p>\n<p style=\"text-align: center;\"><strong>Y\u00d6NET\u0130M S\u0130STEM\u0130 POL\u0130T\u0130KASI<\/strong><\/p>\n<p>Distile \u0130\u00e7ki San. Ve Tic. A.\u015e. olarak, Alkoll\u00fc i\u00e7ki sekt\u00f6r\u00fcnde i\u00e7 ve d\u0131\u015f piyasada g\u00fc\u00e7l\u00fc ve g\u00fcvenilir markalar\u0131m\u0131zla edindi\u011fimiz konumun ve s\u00fcreklili\u011finin sa\u011flanmas\u0131; pazar pay\u0131m\u0131z\u0131n artmas\u0131 y\u00f6n\u00fcnde temel olarak; kalite, g\u0131da g\u00fcvenli\u011fi ve m\u00fc\u015fteri memnuniyeti odakl\u0131 \u00e7al\u0131\u015fma bilinci benimsenmi\u015ftir.<\/p>\n<ul>\n<li>Yasal mevzuat \u015fartlar\u0131, g\u0131da g\u00fcvenli\u011fi gereklilikleri ve m\u00fc\u015fteri beklentilerini yerine getirmek,<\/li>\n<li>Hedefler, strateji ve planlar do\u011frultusunda sistemin s\u00fcrekli iyile\u015ftirilmesini ve gereken e\u011fitimleri sa\u011flamak,<\/li>\n<li>Kurulu\u015f i\u00e7inde ve d\u0131\u015f\u0131nda tedarik\u00e7i, m\u00fc\u015fteri ve birimler aras\u0131 ileti\u015fim y\u00f6ntemleri olu\u015fturmak,<\/li>\n<li>Kalite ve G\u0131da g\u00fcvenli\u011fini sisteminin etkin uygulanmas\u0131 do\u011frultusunda, m\u00fc\u015fteri g\u00fcven ve memnuniyetinin artmas\u0131n\u0131 sa\u011flamak,<\/li>\n<li>\u00c7evre, Sosyal Sorumluluk ve \u0130\u015f G\u00fcvenli\u011fi \u00e7er\u00e7evesinde belirlenen t\u00fcm gereklilikleri ve \u00fczerimize d\u00fc\u015fen g\u00f6revleri yerine getirmek, Y\u00f6netimimizin temel ilke ve de\u011ferleridir.<\/li>\n<\/ul>\n<p><strong>\u00a0<\/strong>[\/vc_column_text][\/vc_column][\/vc_row]<\/p>\n","protected":false},"excerpt":{"rendered":"<p>[vc_row][vc_column][vc_column_text] Y\u00d6NET\u0130M S\u0130STEM\u0130 POL\u0130T\u0130KASI Distile \u0130\u00e7ki San. Ve Tic. A.\u015e. olarak, Alkoll\u00fc i\u00e7ki sekt\u00f6r\u00fcnde i\u00e7 ve d\u0131\u015f piyasada g\u00fc\u00e7l\u00fc ve g\u00fcvenilir markalar\u0131m\u0131zla edindi\u011fimiz konumun ve s\u00fcreklili\u011finin sa\u011flanmas\u0131; pazar pay\u0131m\u0131z\u0131n artmas\u0131 y\u00f6n\u00fcnde temel olarak; kalite, g\u0131da g\u00fcvenli\u011fi ve m\u00fc\u015fteri memnuniyeti odakl\u0131 \u00e7al\u0131\u015fma bilinci benimsenmi\u015ftir. Yasal mevzuat \u015fartlar\u0131, g\u0131da g\u00fcvenli\u011fi gereklilikleri ve m\u00fc\u015fteri beklentilerini yerine getirmek, Hedefler,&#8230;<\/p>\n","protected":false},"author":1,"featured_media":0,"parent":0,"menu_order":0,"comment_status":"closed","ping_status":"closed","template":"","meta":{"footnotes":""},"class_list":["post-8753","page","type-page","status-publish","hentry"],"_links":{"self":[{"href":"https:\/\/distileicki.com.tr\/index.php\/wp-json\/wp\/v2\/pages\/8753","targetHints":{"allow":["GET"]}}],"collection":[{"href":"https:\/\/distileicki.com.tr\/index.php\/wp-json\/wp\/v2\/pages"}],"about":[{"href":"https:\/\/distileicki.com.tr\/index.php\/wp-json\/wp\/v2\/types\/page"}],"author":[{"embeddable":true,"href":"https:\/\/distileicki.com.tr\/index.php\/wp-json\/wp\/v2\/users\/1"}],"replies":[{"embeddable":true,"href":"https:\/\/distileicki.com.tr\/index.php\/wp-json\/wp\/v2\/comments?post=8753"}],"version-history":[{"count":2,"href":"https:\/\/distileicki.com.tr\/index.php\/wp-json\/wp\/v2\/pages\/8753\/revisions"}],"predecessor-version":[{"id":8757,"href":"https:\/\/distileicki.com.tr\/index.php\/wp-json\/wp\/v2\/pages\/8753\/revisions\/8757"}],"wp:attachment":[{"href":"https:\/\/distileicki.com.tr\/index.php\/wp-json\/wp\/v2\/media?parent=8753"}],"curies":[{"name":"wp","href":"https:\/\/api.w.org\/{rel}","templated":true}]}}