{"id":8755,"date":"2021-09-02T15:10:59","date_gmt":"2021-09-02T15:10:59","guid":{"rendered":"http:\/\/distileicki.com.tr\/?page_id=8755"},"modified":"2022-10-13T07:51:33","modified_gmt":"2022-10-13T07:51:33","slug":"vizyon-ve-misyon","status":"publish","type":"page","link":"https:\/\/distileicki.com.tr\/index.php\/vizyon-ve-misyon\/","title":{"rendered":"Vizyon ve Misyon"},"content":{"rendered":"<p>[vc_row][vc_column][vc_column_text]<strong>Vizyonumuz;<\/strong><\/p>\n<p>Sekt\u00f6r\u00fcm\u00fczde, g\u00fcvenilir, her defas\u0131nda kalitesi tercih edilen ve yenilik\u00e7i bir \u015firket olmak.<\/p>\n<p><strong>Misyonumuz;<\/strong><\/p>\n<p>\u00c7al\u0131\u015fmalar\u0131m\u0131zda verimlilik, kalite ve g\u0131da g\u00fcvenli\u011fi prensiplerini t\u00fcm s\u00fcre\u00e7lerde etkin k\u0131larak geli\u015fmek, Ekibimizle beraber m\u00fc\u015fterilerimizin beklentilerini be\u011fenilen markalar yaratarak ger\u00e7e\u011fe d\u00f6n\u00fc\u015ft\u00fcrmek, Topluma, yasalara ve \u00e7evreye kar\u015f\u0131 t\u00fcm sorumluluklar\u0131m\u0131z\u0131 yerine getirerek payda\u015flar\u0131m\u0131z\u0131n mutlulu\u011funu ve \u015firketimizin sayg\u0131nl\u0131\u011f\u0131n\u0131 g\u00f6zetmektir.<\/p>\n<p><strong>M\u00fc\u015fteri \u0130li\u015fki Prensiplerimiz;<\/strong><\/p>\n<div class=\"wpb_text_column wpb_content_element \">\n<div class=\"wpb_wrapper\">\n<p>\u015eeffafl\u0131k<\/p>\n<p>Eri\u015febilirlik<\/p>\n<p>Cevap Verilebilirlik<\/p>\n<p>Objektiflik<\/p>\n<p>Gizlilik<\/p>\n<p>M\u00fc\u015fteri Odakl\u0131 Yakla\u015f\u0131m<\/p>\n<p>A\u00e7\u0131kl\u0131k<\/p>\n<p>S\u00fcrekli \u0130yile\u015ftirme<\/p>\n<\/div>\n<\/div>\n<p>[\/vc_column_text][\/vc_column][\/vc_row]<\/p>\n","protected":false},"excerpt":{"rendered":"<p>[vc_row][vc_column][vc_column_text]Vizyonumuz; Sekt\u00f6r\u00fcm\u00fczde, g\u00fcvenilir, her defas\u0131nda kalitesi tercih edilen ve yenilik\u00e7i bir \u015firket olmak. Misyonumuz; \u00c7al\u0131\u015fmalar\u0131m\u0131zda verimlilik, kalite ve g\u0131da g\u00fcvenli\u011fi prensiplerini t\u00fcm s\u00fcre\u00e7lerde etkin k\u0131larak geli\u015fmek, Ekibimizle beraber m\u00fc\u015fterilerimizin beklentilerini be\u011fenilen markalar yaratarak ger\u00e7e\u011fe d\u00f6n\u00fc\u015ft\u00fcrmek, Topluma, yasalara ve \u00e7evreye kar\u015f\u0131 t\u00fcm sorumluluklar\u0131m\u0131z\u0131 yerine getirerek payda\u015flar\u0131m\u0131z\u0131n mutlulu\u011funu ve \u015firketimizin sayg\u0131nl\u0131\u011f\u0131n\u0131 g\u00f6zetmektir. M\u00fc\u015fteri \u0130li\u015fki Prensiplerimiz; \u015eeffafl\u0131k Eri\u015febilirlik&#8230;<\/p>\n","protected":false},"author":1,"featured_media":0,"parent":0,"menu_order":0,"comment_status":"closed","ping_status":"closed","template":"","meta":{"footnotes":""},"class_list":["post-8755","page","type-page","status-publish","hentry"],"_links":{"self":[{"href":"https:\/\/distileicki.com.tr\/index.php\/wp-json\/wp\/v2\/pages\/8755","targetHints":{"allow":["GET"]}}],"collection":[{"href":"https:\/\/distileicki.com.tr\/index.php\/wp-json\/wp\/v2\/pages"}],"about":[{"href":"https:\/\/distileicki.com.tr\/index.php\/wp-json\/wp\/v2\/types\/page"}],"author":[{"embeddable":true,"href":"https:\/\/distileicki.com.tr\/index.php\/wp-json\/wp\/v2\/users\/1"}],"replies":[{"embeddable":true,"href":"https:\/\/distileicki.com.tr\/index.php\/wp-json\/wp\/v2\/comments?post=8755"}],"version-history":[{"count":4,"href":"https:\/\/distileicki.com.tr\/index.php\/wp-json\/wp\/v2\/pages\/8755\/revisions"}],"predecessor-version":[{"id":8775,"href":"https:\/\/distileicki.com.tr\/index.php\/wp-json\/wp\/v2\/pages\/8755\/revisions\/8775"}],"wp:attachment":[{"href":"https:\/\/distileicki.com.tr\/index.php\/wp-json\/wp\/v2\/media?parent=8755"}],"curies":[{"name":"wp","href":"https:\/\/api.w.org\/{rel}","templated":true}]}}